{"id":1274,"date":"2025-11-13T21:27:19","date_gmt":"2025-11-13T20:27:19","guid":{"rendered":"https:\/\/absea-homemanagement.com\/terms-of-use\/"},"modified":"2025-11-13T22:43:59","modified_gmt":"2025-11-13T21:43:59","slug":"terms-of-use","status":"publish","type":"page","link":"https:\/\/absea-homemanagement.com\/en\/terms-of-use\/","title":{"rendered":"Terms of use"},"content":{"rendered":"\n<p><strong>Owner of the <a href=\"https:\/\/absea-homemanagement.com\/\">ABSEA HOME MANAGEMENT<\/a> website:<\/strong><br\/>Val\u00e9rie MACIA<br\/>234 av de la Lanterne<br\/>06200 Nice<br\/>Tel. +33 (0)6 14 43 15 30<\/p>\n\n<p><strong>Site design:<\/strong><br\/>Franck M\u00e9zi\u00e8re &#8211; Webdesign &amp; development &#8211; <a href=\"http:\/\/meziere.net\">meziere.net<\/a><\/p>\n\n<p>This website is an original intellectual creation and therefore falls within the scope of copyright protection. Its content is also protected by intellectual and\/or industrial property rights. Any person who infringes the intellectual property rights attached to the various objects on this website is guilty of the offence of counterfeiting and is liable to the penal sanctions provided for by law.<\/p>\n\n<p>Data processing:<br\/>The information collected is processed electronically for the purpose of replying to you.<\/p>\n\n<p>In accordance with the French Data Protection Act of January 6, 1978, amended in 2004, you have the right to access and rectify information concerning you, which you may exercise by contacting Office de Tourisme &#8211; BP 18 &#8211; 83580 Gassin.<\/p>\n\n<p>You may also, for legitimate reasons, object to the processing of your personal data.<\/p>\n","protected":false},"excerpt":{"rendered":"<p>Owner of the ABSEA HOME MANAGEMENT website:Val\u00e9rie MACIA234 av de la Lanterne06200 NiceTel. +33 (0)6 14 43 15 30 Site design:Franck M\u00e9zi\u00e8re &#8211; Webdesign &amp; development &#8211; meziere.net This website is an original intellectual creation and therefore falls within the scope of copyright protection. Its content is also protected by intellectual and\/or industrial property rights.<a class=\"excerpt-read-more\" href=\"https:\/\/absea-homemanagement.com\/en\/terms-of-use\/\" title=\"ReadTerms of use\">&#8230; Read more &raquo;<\/a><\/p>\n","protected":false},"author":3,"featured_media":0,"parent":0,"menu_order":22,"comment_status":"closed","ping_status":"closed","template":"","meta":{"_acf_changed":false,"footnotes":""},"class_list":["post-1274","page","type-page","status-publish","hentry"],"acf":[],"yoast_head":"<!-- This site is optimized with the Yoast SEO plugin v27.4 - https:\/\/yoast.com\/product\/yoast-seo-wordpress\/ -->\n<title>Terms of use - ABSea Home Management<\/title>\n<meta name=\"description\" content=\"Owner of the ABSEA HOME MANAGEMENT website:Val\u00e9rie MACIA234 av de la Lanterne06200 NiceTel. +33 (0)6 14 43 15 30 Site design:Franck M\u00e9zi\u00e8re -\" \/>\n<meta name=\"robots\" content=\"index, follow, max-snippet:-1, max-image-preview:large, max-video-preview:-1\" \/>\n<link rel=\"canonical\" href=\"https:\/\/absea-homemanagement.com\/en\/terms-of-use\/\" \/>\n<meta property=\"og:locale\" content=\"en_US\" \/>\n<meta property=\"og:type\" content=\"article\" \/>\n<meta property=\"og:title\" content=\"Terms of use - ABSea Home Management\" \/>\n<meta property=\"og:description\" content=\"Owner of the ABSEA HOME MANAGEMENT website:Val\u00e9rie MACIA234 av de la Lanterne06200 NiceTel. +33 (0)6 14 43 15 30 Site design:Franck M\u00e9zi\u00e8re -\" \/>\n<meta property=\"og:url\" content=\"https:\/\/absea-homemanagement.com\/en\/terms-of-use\/\" \/>\n<meta property=\"og:site_name\" content=\"ABSea Home Management\" \/>\n<meta property=\"article:modified_time\" content=\"2025-11-13T21:43:59+00:00\" \/>\n<meta name=\"twitter:card\" content=\"summary_large_image\" \/>\n<meta name=\"twitter:label1\" content=\"Est. reading time\" \/>\n\t<meta name=\"twitter:data1\" content=\"1 minute\" \/>\n<script type=\"application\/ld+json\" class=\"yoast-schema-graph\">{\"@context\":\"https:\\\/\\\/schema.org\",\"@graph\":[{\"@type\":\"WebPage\",\"@id\":\"https:\\\/\\\/absea-homemanagement.com\\\/en\\\/terms-of-use\\\/\",\"url\":\"https:\\\/\\\/absea-homemanagement.com\\\/en\\\/terms-of-use\\\/\",\"name\":\"Terms of use - ABSea Home Management\",\"isPartOf\":{\"@id\":\"https:\\\/\\\/absea-homemanagement.com\\\/en\\\/#website\"},\"datePublished\":\"2025-11-13T20:27:19+00:00\",\"dateModified\":\"2025-11-13T21:43:59+00:00\",\"description\":\"Owner of the ABSEA HOME MANAGEMENT website:Val\u00e9rie MACIA234 av de la Lanterne06200 NiceTel. +33 (0)6 14 43 15 30 Site design:Franck M\u00e9zi\u00e8re -\",\"breadcrumb\":{\"@id\":\"https:\\\/\\\/absea-homemanagement.com\\\/en\\\/terms-of-use\\\/#breadcrumb\"},\"inLanguage\":\"en-US\",\"potentialAction\":[{\"@type\":\"ReadAction\",\"target\":[\"https:\\\/\\\/absea-homemanagement.com\\\/en\\\/terms-of-use\\\/\"]}]},{\"@type\":\"BreadcrumbList\",\"@id\":\"https:\\\/\\\/absea-homemanagement.com\\\/en\\\/terms-of-use\\\/#breadcrumb\",\"itemListElement\":[{\"@type\":\"ListItem\",\"position\":1,\"name\":\"Accueil\",\"item\":\"https:\\\/\\\/absea-homemanagement.com\\\/en\\\/\"},{\"@type\":\"ListItem\",\"position\":2,\"name\":\"Terms of use\"}]},{\"@type\":\"WebSite\",\"@id\":\"https:\\\/\\\/absea-homemanagement.com\\\/en\\\/#website\",\"url\":\"https:\\\/\\\/absea-homemanagement.com\\\/en\\\/\",\"name\":\"ABSea Home Management\",\"description\":\"\",\"potentialAction\":[{\"@type\":\"SearchAction\",\"target\":{\"@type\":\"EntryPoint\",\"urlTemplate\":\"https:\\\/\\\/absea-homemanagement.com\\\/en\\\/?s={search_term_string}\"},\"query-input\":{\"@type\":\"PropertyValueSpecification\",\"valueRequired\":true,\"valueName\":\"search_term_string\"}}],\"inLanguage\":\"en-US\"}]}<\/script>\n<!-- \/ Yoast SEO plugin. -->","yoast_head_json":{"title":"Terms of use - ABSea Home Management","description":"Owner of the ABSEA HOME MANAGEMENT website:Val\u00e9rie MACIA234 av de la Lanterne06200 NiceTel. +33 (0)6 14 43 15 30 Site design:Franck M\u00e9zi\u00e8re -","robots":{"index":"index","follow":"follow","max-snippet":"max-snippet:-1","max-image-preview":"max-image-preview:large","max-video-preview":"max-video-preview:-1"},"canonical":"https:\/\/absea-homemanagement.com\/en\/terms-of-use\/","og_locale":"en_US","og_type":"article","og_title":"Terms of use - ABSea Home Management","og_description":"Owner of the ABSEA HOME MANAGEMENT website:Val\u00e9rie MACIA234 av de la Lanterne06200 NiceTel. +33 (0)6 14 43 15 30 Site design:Franck M\u00e9zi\u00e8re -","og_url":"https:\/\/absea-homemanagement.com\/en\/terms-of-use\/","og_site_name":"ABSea Home Management","article_modified_time":"2025-11-13T21:43:59+00:00","twitter_card":"summary_large_image","twitter_misc":{"Est. reading time":"1 minute"},"schema":{"@context":"https:\/\/schema.org","@graph":[{"@type":"WebPage","@id":"https:\/\/absea-homemanagement.com\/en\/terms-of-use\/","url":"https:\/\/absea-homemanagement.com\/en\/terms-of-use\/","name":"Terms of use - ABSea Home Management","isPartOf":{"@id":"https:\/\/absea-homemanagement.com\/en\/#website"},"datePublished":"2025-11-13T20:27:19+00:00","dateModified":"2025-11-13T21:43:59+00:00","description":"Owner of the ABSEA HOME MANAGEMENT website:Val\u00e9rie MACIA234 av de la Lanterne06200 NiceTel. +33 (0)6 14 43 15 30 Site design:Franck M\u00e9zi\u00e8re -","breadcrumb":{"@id":"https:\/\/absea-homemanagement.com\/en\/terms-of-use\/#breadcrumb"},"inLanguage":"en-US","potentialAction":[{"@type":"ReadAction","target":["https:\/\/absea-homemanagement.com\/en\/terms-of-use\/"]}]},{"@type":"BreadcrumbList","@id":"https:\/\/absea-homemanagement.com\/en\/terms-of-use\/#breadcrumb","itemListElement":[{"@type":"ListItem","position":1,"name":"Accueil","item":"https:\/\/absea-homemanagement.com\/en\/"},{"@type":"ListItem","position":2,"name":"Terms of use"}]},{"@type":"WebSite","@id":"https:\/\/absea-homemanagement.com\/en\/#website","url":"https:\/\/absea-homemanagement.com\/en\/","name":"ABSea Home Management","description":"","potentialAction":[{"@type":"SearchAction","target":{"@type":"EntryPoint","urlTemplate":"https:\/\/absea-homemanagement.com\/en\/?s={search_term_string}"},"query-input":{"@type":"PropertyValueSpecification","valueRequired":true,"valueName":"search_term_string"}}],"inLanguage":"en-US"}]}},"_links":{"self":[{"href":"https:\/\/absea-homemanagement.com\/en\/wp-json\/wp\/v2\/pages\/1274","targetHints":{"allow":["GET"]}}],"collection":[{"href":"https:\/\/absea-homemanagement.com\/en\/wp-json\/wp\/v2\/pages"}],"about":[{"href":"https:\/\/absea-homemanagement.com\/en\/wp-json\/wp\/v2\/types\/page"}],"author":[{"embeddable":true,"href":"https:\/\/absea-homemanagement.com\/en\/wp-json\/wp\/v2\/users\/3"}],"replies":[{"embeddable":true,"href":"https:\/\/absea-homemanagement.com\/en\/wp-json\/wp\/v2\/comments?post=1274"}],"version-history":[{"count":1,"href":"https:\/\/absea-homemanagement.com\/en\/wp-json\/wp\/v2\/pages\/1274\/revisions"}],"predecessor-version":[{"id":1275,"href":"https:\/\/absea-homemanagement.com\/en\/wp-json\/wp\/v2\/pages\/1274\/revisions\/1275"}],"wp:attachment":[{"href":"https:\/\/absea-homemanagement.com\/en\/wp-json\/wp\/v2\/media?parent=1274"}],"curies":[{"name":"wp","href":"https:\/\/api.w.org\/{rel}","templated":true}]}}