{"id":14,"date":"2018-03-24T23:18:56","date_gmt":"2018-03-24T22:18:56","guid":{"rendered":"http:\/\/absea-homemanagement.com\/?page_id=14"},"modified":"2020-03-07T15:15:29","modified_gmt":"2020-03-07T14:15:29","slug":"gestion-de-biens","status":"publish","type":"page","link":"https:\/\/absea-homemanagement.com\/fr\/gestion-de-biens\/","title":{"rendered":"Services"},"content":{"rendered":"\n<h2 class=\"wp-block-heading\">Notre service de CONCIERGERIE<\/h2>\n\n\n\n<h2 class=\"wp-block-heading\">pour votre location de courte dur\u00e9e !<\/h2>\n\n\n\n<p>En tant qu\u2019experts nous mettons en place l\u2019annonce de votre logement sur les plateformes web. Vous b\u00e9n\u00e9ficierez d\u2019une annonce professionnelle, conviviale avec un titre accrocheur et une pr\u00e9sentation d\u00e9taill\u00e9e de votre bien !<\/p>\n\n\n\n<p><strong>Absea Homemanagement vous propose plusieurs services \u00e0 l\u2019ann\u00e9e pour assurer votre tranquillit\u00e9 et la bonne gestion de votre bien.<\/strong><\/p>\n\n\n\n<p>\u2022 Suivi global de votre propri\u00e9t\u00e9<br>\u2022 Ouverture et nettoyage p\u00e9riodique de la propri\u00e9t\u00e9<br>\u2022 Coordination et contr\u00f4le des prestataires de maintenance<br>\u2022 Gestion du mobilier ext\u00e9rieur avant et apr\u00e8s chaque s\u00e9jour<br>\u2022 Contr\u00f4le des installations diverses<br>\u2022 Ramassage et traitement ou r\u00e9exp\u00e9dition de votre courrier<br>\u2022 Pr\u00e9paration de votre s\u00e9jour<br>\u2022 Vente et location de votre maison<br>\u2022 S\u00e9curit\u00e9 -&gt; Agent<\/p>\n\n\n\n<p><strong>ainsi que d\u2019autres services \u00e0 la carte comme :<\/strong><\/p>\n\n\n\n<p>\u2022 Recrutement de personnel lors des s\u00e9jours<br>\u2022 Relation ponctuelle avec EDF \/ GDF<br>\u2022 Baby-sitting<br>\u2022 Location de voitures, bateaux<\/p>\n","protected":false},"excerpt":{"rendered":"<p>Notre service de CONCIERGERIE pour votre location de courte dur\u00e9e ! En tant qu\u2019experts nous mettons en place l\u2019annonce de votre logement sur les plateformes web. Vous b\u00e9n\u00e9ficierez d\u2019une annonce professionnelle, conviviale avec un titre accrocheur et une pr\u00e9sentation d\u00e9taill\u00e9e de votre bien ! Absea Homemanagement vous propose plusieurs services \u00e0 l\u2019ann\u00e9e pour assurer votre<a class=\"excerpt-read-more\" href=\"https:\/\/absea-homemanagement.com\/fr\/gestion-de-biens\/\" title=\"ReadServices\">&#8230; Read more &raquo;<\/a><\/p>\n","protected":false},"author":3,"featured_media":0,"parent":0,"menu_order":6,"comment_status":"closed","ping_status":"closed","template":"","meta":{"_acf_changed":false,"footnotes":""},"class_list":["post-14","page","type-page","status-publish","hentry"],"acf":[],"yoast_head":"<!-- This site is optimized with the Yoast SEO plugin v27.5 - https:\/\/yoast.com\/product\/yoast-seo-wordpress\/ -->\n<title>Services - ABSea Home Management<\/title>\n<meta name=\"description\" content=\"Notre service de CONCIERGERIE pour votre location de courte dur\u00e9e ! En tant qu\u2019experts nous mettons en place l\u2019annonce de votre logement sur les\" \/>\n<meta name=\"robots\" content=\"index, follow, max-snippet:-1, max-image-preview:large, max-video-preview:-1\" \/>\n<link rel=\"canonical\" href=\"https:\/\/absea-homemanagement.com\/fr\/gestion-de-biens\/\" \/>\n<meta property=\"og:locale\" content=\"fr_FR\" \/>\n<meta property=\"og:type\" content=\"article\" \/>\n<meta property=\"og:title\" content=\"Services - ABSea Home Management\" \/>\n<meta property=\"og:description\" content=\"Notre service de CONCIERGERIE pour votre location de courte dur\u00e9e ! En tant qu\u2019experts nous mettons en place l\u2019annonce de votre logement sur les\" \/>\n<meta property=\"og:url\" content=\"https:\/\/absea-homemanagement.com\/fr\/gestion-de-biens\/\" \/>\n<meta property=\"og:site_name\" content=\"ABSea Home Management\" \/>\n<meta property=\"article:modified_time\" content=\"2020-03-07T14:15:29+00:00\" \/>\n<meta name=\"twitter:card\" content=\"summary_large_image\" \/>\n<meta name=\"twitter:label1\" content=\"Dur\u00e9e de lecture estim\u00e9e\" \/>\n\t<meta name=\"twitter:data1\" content=\"1 minute\" \/>\n<script type=\"application\/ld+json\" class=\"yoast-schema-graph\">{\"@context\":\"https:\\\/\\\/schema.org\",\"@graph\":[{\"@type\":\"WebPage\",\"@id\":\"https:\\\/\\\/absea-homemanagement.com\\\/fr\\\/gestion-de-biens\\\/\",\"url\":\"https:\\\/\\\/absea-homemanagement.com\\\/fr\\\/gestion-de-biens\\\/\",\"name\":\"Services - ABSea Home Management\",\"isPartOf\":{\"@id\":\"https:\\\/\\\/absea-homemanagement.com\\\/fr\\\/#website\"},\"datePublished\":\"2018-03-24T22:18:56+00:00\",\"dateModified\":\"2020-03-07T14:15:29+00:00\",\"description\":\"Notre service de CONCIERGERIE pour votre location de courte dur\u00e9e ! En tant qu\u2019experts nous mettons en place l\u2019annonce de votre logement sur les\",\"breadcrumb\":{\"@id\":\"https:\\\/\\\/absea-homemanagement.com\\\/fr\\\/gestion-de-biens\\\/#breadcrumb\"},\"inLanguage\":\"fr-FR\",\"potentialAction\":[{\"@type\":\"ReadAction\",\"target\":[\"https:\\\/\\\/absea-homemanagement.com\\\/fr\\\/gestion-de-biens\\\/\"]}]},{\"@type\":\"BreadcrumbList\",\"@id\":\"https:\\\/\\\/absea-homemanagement.com\\\/fr\\\/gestion-de-biens\\\/#breadcrumb\",\"itemListElement\":[{\"@type\":\"ListItem\",\"position\":1,\"name\":\"Accueil\",\"item\":\"https:\\\/\\\/absea-homemanagement.com\\\/fr\\\/\"},{\"@type\":\"ListItem\",\"position\":2,\"name\":\"Services\"}]},{\"@type\":\"WebSite\",\"@id\":\"https:\\\/\\\/absea-homemanagement.com\\\/fr\\\/#website\",\"url\":\"https:\\\/\\\/absea-homemanagement.com\\\/fr\\\/\",\"name\":\"ABSea Home Management\",\"description\":\"\",\"potentialAction\":[{\"@type\":\"SearchAction\",\"target\":{\"@type\":\"EntryPoint\",\"urlTemplate\":\"https:\\\/\\\/absea-homemanagement.com\\\/fr\\\/?s={search_term_string}\"},\"query-input\":{\"@type\":\"PropertyValueSpecification\",\"valueRequired\":true,\"valueName\":\"search_term_string\"}}],\"inLanguage\":\"fr-FR\"}]}<\/script>\n<!-- \/ Yoast SEO plugin. -->","yoast_head_json":{"title":"Services - ABSea Home Management","description":"Notre service de CONCIERGERIE pour votre location de courte dur\u00e9e ! En tant qu\u2019experts nous mettons en place l\u2019annonce de votre logement sur les","robots":{"index":"index","follow":"follow","max-snippet":"max-snippet:-1","max-image-preview":"max-image-preview:large","max-video-preview":"max-video-preview:-1"},"canonical":"https:\/\/absea-homemanagement.com\/fr\/gestion-de-biens\/","og_locale":"fr_FR","og_type":"article","og_title":"Services - ABSea Home Management","og_description":"Notre service de CONCIERGERIE pour votre location de courte dur\u00e9e ! En tant qu\u2019experts nous mettons en place l\u2019annonce de votre logement sur les","og_url":"https:\/\/absea-homemanagement.com\/fr\/gestion-de-biens\/","og_site_name":"ABSea Home Management","article_modified_time":"2020-03-07T14:15:29+00:00","twitter_card":"summary_large_image","twitter_misc":{"Dur\u00e9e de lecture estim\u00e9e":"1 minute"},"schema":{"@context":"https:\/\/schema.org","@graph":[{"@type":"WebPage","@id":"https:\/\/absea-homemanagement.com\/fr\/gestion-de-biens\/","url":"https:\/\/absea-homemanagement.com\/fr\/gestion-de-biens\/","name":"Services - ABSea Home Management","isPartOf":{"@id":"https:\/\/absea-homemanagement.com\/fr\/#website"},"datePublished":"2018-03-24T22:18:56+00:00","dateModified":"2020-03-07T14:15:29+00:00","description":"Notre service de CONCIERGERIE pour votre location de courte dur\u00e9e ! En tant qu\u2019experts nous mettons en place l\u2019annonce de votre logement sur les","breadcrumb":{"@id":"https:\/\/absea-homemanagement.com\/fr\/gestion-de-biens\/#breadcrumb"},"inLanguage":"fr-FR","potentialAction":[{"@type":"ReadAction","target":["https:\/\/absea-homemanagement.com\/fr\/gestion-de-biens\/"]}]},{"@type":"BreadcrumbList","@id":"https:\/\/absea-homemanagement.com\/fr\/gestion-de-biens\/#breadcrumb","itemListElement":[{"@type":"ListItem","position":1,"name":"Accueil","item":"https:\/\/absea-homemanagement.com\/fr\/"},{"@type":"ListItem","position":2,"name":"Services"}]},{"@type":"WebSite","@id":"https:\/\/absea-homemanagement.com\/fr\/#website","url":"https:\/\/absea-homemanagement.com\/fr\/","name":"ABSea Home Management","description":"","potentialAction":[{"@type":"SearchAction","target":{"@type":"EntryPoint","urlTemplate":"https:\/\/absea-homemanagement.com\/fr\/?s={search_term_string}"},"query-input":{"@type":"PropertyValueSpecification","valueRequired":true,"valueName":"search_term_string"}}],"inLanguage":"fr-FR"}]}},"_links":{"self":[{"href":"https:\/\/absea-homemanagement.com\/fr\/wp-json\/wp\/v2\/pages\/14","targetHints":{"allow":["GET"]}}],"collection":[{"href":"https:\/\/absea-homemanagement.com\/fr\/wp-json\/wp\/v2\/pages"}],"about":[{"href":"https:\/\/absea-homemanagement.com\/fr\/wp-json\/wp\/v2\/types\/page"}],"author":[{"embeddable":true,"href":"https:\/\/absea-homemanagement.com\/fr\/wp-json\/wp\/v2\/users\/3"}],"replies":[{"embeddable":true,"href":"https:\/\/absea-homemanagement.com\/fr\/wp-json\/wp\/v2\/comments?post=14"}],"version-history":[{"count":5,"href":"https:\/\/absea-homemanagement.com\/fr\/wp-json\/wp\/v2\/pages\/14\/revisions"}],"predecessor-version":[{"id":1059,"href":"https:\/\/absea-homemanagement.com\/fr\/wp-json\/wp\/v2\/pages\/14\/revisions\/1059"}],"wp:attachment":[{"href":"https:\/\/absea-homemanagement.com\/fr\/wp-json\/wp\/v2\/media?parent=14"}],"curies":[{"name":"wp","href":"https:\/\/api.w.org\/{rel}","templated":true}]}}