{"id":2,"date":"2018-03-24T12:39:05","date_gmt":"2018-03-24T11:39:05","guid":{"rendered":"http:\/\/absea-homemanagement.com\/?page_id=2"},"modified":"2020-03-07T15:24:03","modified_gmt":"2020-03-07T14:24:03","slug":"conciergerie-nice-cannes-antibes","status":"publish","type":"page","link":"https:\/\/absea-homemanagement.com\/fr\/conciergerie-nice-cannes-antibes\/","title":{"rendered":"La conciergerie"},"content":{"rendered":"<p>Forts de nos ann\u00e9es d\u2019exp\u00e9rience dans la location saisonni\u00e8re de Standing , nous sommes aujourd\u2019hui \u00e0 m\u00eame de vous proposer des biens et des services de Qualit\u00e9.<\/p>\n<p>Un service r\u00e9ellement adapt\u00e9 \u00e0 vos besoins<\/p>\n<ul>\n<li>Vous cherchez une maison , un appartement ?<\/li>\n<li>Vous cherchez \u00e0 louer en saisonnier ?<\/li>\n<li>Vous voulez augmenter vos revenus ?<\/li>\n<\/ul>\n<p>Absea Homenagement est l\u2019interlocuteur qu\u2019il vous faut, en nous faisant confiance aujourd\u2019hui vous pouvez acc\u00e9der \u00e0 des biens de Standing sur la C\u00f4te d\u2019Azur et \u00e0 des clients internationaux de qualit\u00e9.<\/p>\n","protected":false},"excerpt":{"rendered":"<p>Forts de nos ann\u00e9es d\u2019exp\u00e9rience dans la location saisonni\u00e8re de Standing , nous sommes aujourd\u2019hui \u00e0 m\u00eame de vous proposer des biens et des services de Qualit\u00e9. Un service r\u00e9ellement adapt\u00e9 \u00e0 vos besoins Vous cherchez une maison , un appartement ? Vous cherchez \u00e0 louer en saisonnier ? Vous voulez augmenter vos revenus ?<a class=\"excerpt-read-more\" href=\"https:\/\/absea-homemanagement.com\/fr\/conciergerie-nice-cannes-antibes\/\" title=\"ReadLa conciergerie\">&#8230; Read more &raquo;<\/a><\/p>\n","protected":false},"author":3,"featured_media":0,"parent":0,"menu_order":3,"comment_status":"closed","ping_status":"open","template":"","meta":{"_acf_changed":false,"footnotes":""},"class_list":["post-2","page","type-page","status-publish","hentry"],"acf":[],"yoast_head":"<!-- This site is optimized with the Yoast SEO plugin v27.5 - https:\/\/yoast.com\/product\/yoast-seo-wordpress\/ -->\n<title>La conciergerie - ABSea Home Management<\/title>\n<meta name=\"description\" content=\"Forts de nos ann\u00e9es d\u2019exp\u00e9rience dans la location saisonni\u00e8re de Standing , nous sommes aujourd\u2019hui \u00e0 m\u00eame de vous proposer des biens et des services de\" \/>\n<meta name=\"robots\" content=\"index, follow, max-snippet:-1, max-image-preview:large, max-video-preview:-1\" \/>\n<link rel=\"canonical\" href=\"https:\/\/absea-homemanagement.com\/fr\/conciergerie-nice-cannes-antibes\/\" \/>\n<meta property=\"og:locale\" content=\"fr_FR\" \/>\n<meta property=\"og:type\" content=\"article\" \/>\n<meta property=\"og:title\" content=\"La conciergerie - ABSea Home Management\" \/>\n<meta property=\"og:description\" content=\"Forts de nos ann\u00e9es d\u2019exp\u00e9rience dans la location saisonni\u00e8re de Standing , nous sommes aujourd\u2019hui \u00e0 m\u00eame de vous proposer des biens et des services de\" \/>\n<meta property=\"og:url\" content=\"https:\/\/absea-homemanagement.com\/fr\/conciergerie-nice-cannes-antibes\/\" \/>\n<meta property=\"og:site_name\" content=\"ABSea Home Management\" \/>\n<meta property=\"article:modified_time\" content=\"2020-03-07T14:24:03+00:00\" \/>\n<meta name=\"twitter:card\" content=\"summary_large_image\" \/>\n<script type=\"application\/ld+json\" class=\"yoast-schema-graph\">{\"@context\":\"https:\\\/\\\/schema.org\",\"@graph\":[{\"@type\":\"WebPage\",\"@id\":\"https:\\\/\\\/absea-homemanagement.com\\\/fr\\\/conciergerie-nice-cannes-antibes\\\/\",\"url\":\"https:\\\/\\\/absea-homemanagement.com\\\/fr\\\/conciergerie-nice-cannes-antibes\\\/\",\"name\":\"La conciergerie - ABSea Home Management\",\"isPartOf\":{\"@id\":\"https:\\\/\\\/absea-homemanagement.com\\\/fr\\\/#website\"},\"datePublished\":\"2018-03-24T11:39:05+00:00\",\"dateModified\":\"2020-03-07T14:24:03+00:00\",\"description\":\"Forts de nos ann\u00e9es d\u2019exp\u00e9rience dans la location saisonni\u00e8re de Standing , nous sommes aujourd\u2019hui \u00e0 m\u00eame de vous proposer des biens et des services de\",\"breadcrumb\":{\"@id\":\"https:\\\/\\\/absea-homemanagement.com\\\/fr\\\/conciergerie-nice-cannes-antibes\\\/#breadcrumb\"},\"inLanguage\":\"fr-FR\",\"potentialAction\":[{\"@type\":\"ReadAction\",\"target\":[\"https:\\\/\\\/absea-homemanagement.com\\\/fr\\\/conciergerie-nice-cannes-antibes\\\/\"]}]},{\"@type\":\"BreadcrumbList\",\"@id\":\"https:\\\/\\\/absea-homemanagement.com\\\/fr\\\/conciergerie-nice-cannes-antibes\\\/#breadcrumb\",\"itemListElement\":[{\"@type\":\"ListItem\",\"position\":1,\"name\":\"Accueil\",\"item\":\"https:\\\/\\\/absea-homemanagement.com\\\/fr\\\/\"},{\"@type\":\"ListItem\",\"position\":2,\"name\":\"La conciergerie\"}]},{\"@type\":\"WebSite\",\"@id\":\"https:\\\/\\\/absea-homemanagement.com\\\/fr\\\/#website\",\"url\":\"https:\\\/\\\/absea-homemanagement.com\\\/fr\\\/\",\"name\":\"ABSea Home Management\",\"description\":\"\",\"potentialAction\":[{\"@type\":\"SearchAction\",\"target\":{\"@type\":\"EntryPoint\",\"urlTemplate\":\"https:\\\/\\\/absea-homemanagement.com\\\/fr\\\/?s={search_term_string}\"},\"query-input\":{\"@type\":\"PropertyValueSpecification\",\"valueRequired\":true,\"valueName\":\"search_term_string\"}}],\"inLanguage\":\"fr-FR\"}]}<\/script>\n<!-- \/ Yoast SEO plugin. -->","yoast_head_json":{"title":"La conciergerie - ABSea Home Management","description":"Forts de nos ann\u00e9es d\u2019exp\u00e9rience dans la location saisonni\u00e8re de Standing , nous sommes aujourd\u2019hui \u00e0 m\u00eame de vous proposer des biens et des services de","robots":{"index":"index","follow":"follow","max-snippet":"max-snippet:-1","max-image-preview":"max-image-preview:large","max-video-preview":"max-video-preview:-1"},"canonical":"https:\/\/absea-homemanagement.com\/fr\/conciergerie-nice-cannes-antibes\/","og_locale":"fr_FR","og_type":"article","og_title":"La conciergerie - ABSea Home Management","og_description":"Forts de nos ann\u00e9es d\u2019exp\u00e9rience dans la location saisonni\u00e8re de Standing , nous sommes aujourd\u2019hui \u00e0 m\u00eame de vous proposer des biens et des services de","og_url":"https:\/\/absea-homemanagement.com\/fr\/conciergerie-nice-cannes-antibes\/","og_site_name":"ABSea Home Management","article_modified_time":"2020-03-07T14:24:03+00:00","twitter_card":"summary_large_image","schema":{"@context":"https:\/\/schema.org","@graph":[{"@type":"WebPage","@id":"https:\/\/absea-homemanagement.com\/fr\/conciergerie-nice-cannes-antibes\/","url":"https:\/\/absea-homemanagement.com\/fr\/conciergerie-nice-cannes-antibes\/","name":"La conciergerie - ABSea Home Management","isPartOf":{"@id":"https:\/\/absea-homemanagement.com\/fr\/#website"},"datePublished":"2018-03-24T11:39:05+00:00","dateModified":"2020-03-07T14:24:03+00:00","description":"Forts de nos ann\u00e9es d\u2019exp\u00e9rience dans la location saisonni\u00e8re de Standing , nous sommes aujourd\u2019hui \u00e0 m\u00eame de vous proposer des biens et des services de","breadcrumb":{"@id":"https:\/\/absea-homemanagement.com\/fr\/conciergerie-nice-cannes-antibes\/#breadcrumb"},"inLanguage":"fr-FR","potentialAction":[{"@type":"ReadAction","target":["https:\/\/absea-homemanagement.com\/fr\/conciergerie-nice-cannes-antibes\/"]}]},{"@type":"BreadcrumbList","@id":"https:\/\/absea-homemanagement.com\/fr\/conciergerie-nice-cannes-antibes\/#breadcrumb","itemListElement":[{"@type":"ListItem","position":1,"name":"Accueil","item":"https:\/\/absea-homemanagement.com\/fr\/"},{"@type":"ListItem","position":2,"name":"La conciergerie"}]},{"@type":"WebSite","@id":"https:\/\/absea-homemanagement.com\/fr\/#website","url":"https:\/\/absea-homemanagement.com\/fr\/","name":"ABSea Home Management","description":"","potentialAction":[{"@type":"SearchAction","target":{"@type":"EntryPoint","urlTemplate":"https:\/\/absea-homemanagement.com\/fr\/?s={search_term_string}"},"query-input":{"@type":"PropertyValueSpecification","valueRequired":true,"valueName":"search_term_string"}}],"inLanguage":"fr-FR"}]}},"_links":{"self":[{"href":"https:\/\/absea-homemanagement.com\/fr\/wp-json\/wp\/v2\/pages\/2","targetHints":{"allow":["GET"]}}],"collection":[{"href":"https:\/\/absea-homemanagement.com\/fr\/wp-json\/wp\/v2\/pages"}],"about":[{"href":"https:\/\/absea-homemanagement.com\/fr\/wp-json\/wp\/v2\/types\/page"}],"author":[{"embeddable":true,"href":"https:\/\/absea-homemanagement.com\/fr\/wp-json\/wp\/v2\/users\/3"}],"replies":[{"embeddable":true,"href":"https:\/\/absea-homemanagement.com\/fr\/wp-json\/wp\/v2\/comments?post=2"}],"version-history":[{"count":7,"href":"https:\/\/absea-homemanagement.com\/fr\/wp-json\/wp\/v2\/pages\/2\/revisions"}],"predecessor-version":[{"id":1056,"href":"https:\/\/absea-homemanagement.com\/fr\/wp-json\/wp\/v2\/pages\/2\/revisions\/1056"}],"wp:attachment":[{"href":"https:\/\/absea-homemanagement.com\/fr\/wp-json\/wp\/v2\/media?parent=2"}],"curies":[{"name":"wp","href":"https:\/\/api.w.org\/{rel}","templated":true}]}}